{"id":2,"date":"2016-05-10T03:48:21","date_gmt":"2016-05-10T03:48:21","guid":{"rendered":"https:\/\/monfey.com\/?page_id=2"},"modified":"2023-03-22T19:53:56","modified_gmt":"2023-03-22T19:53:56","slug":"sample-page","status":"publish","type":"page","link":"https:\/\/monfey.com\/?page_id=2","title":{"rendered":"Chi siamo"},"content":{"rendered":"\n<p>Monfey.com&nbsp;\u00e8&nbsp;un&#8217;azienda nata nel 2012&nbsp;con l&#8217;idea di dare al cliente il prezzo pi\u00f9 basso possibile su ogni nostro prodotto,&nbsp;da allora, grazie al nostro impegno, abbiamo conquistato la fiducia dei Clienti, diventando di fatto protagonisti in un mercato in continua crescita.<\/p>\n\n\n\n<p><strong>La nostra missione \u00e8 di proporre innovativi prodotti di qualit\u00e0<\/strong>, con particolare attenzione alle esigenze del Cliente ed offrendo condizioni e prezzi del tutto favorevoli grazie a consolidati rapporti con i pi\u00f9 importanti fornitori leader .<\/p>\n\n\n\n<p>Motivati dalla passione per il lavoro che svolgiamo e grazie al notevole incremento di vendite degli ultimi anni, siamo costantemente in espansione mirando ad accrescere la variet\u00e0 dei prodotti ed i servizi offerti, senza tralasciare la seriet\u00e0 e la correttezza che ci contraddistingue.<\/p>\n\n\n\n<p>Siamo orgogliosi del nostro successo confermato dalla filosofia sino ad oggi adottata: scegliamo prodotti validi, assicurando la massima trasparenza e convenienza ai nostri Clienti. Riteniamo che acquistare su internet debba essere sicuro e conveniente, senza tralasciare la possibilit\u00e0 di avere un contatto \u201cumano\u201d per qualsiasi esigenza o difficolt\u00e0. A conferma di tutto ci\u00f2 possiamo testimoniare che la migliore pubblicit\u00e0 arriva dai Clienti soddisfatti. \u00a0<br><br>L&#8217;immensa variet\u00e0 di articoli e l&#8217;impegno con cui Monfey.com \u00e8 alla continua ricerca di prodotti innovativi che possano soddisfare le esigenze specifiche di ogni singolo cliente, ha permesso all&#8217;azienda di espandersi in maniera esponenziale. In nome di questa politica aziendale ogni cliente ha diritto ad un&#8217;assistenza pre e post-vendita, gestita interamente da personale interno all&#8217;azienda. \u00a0Logistica, customer care, marketing, call center, approvvigionamento merci, sviluppo web e progettazione grafica tutto gestito internamente.\u00a0\u00a0<br><br>Monfey.com si prende cura dei propri clienti in prima persona ed \u00e8 proprio per questo che non vende solo prodotti, ma opportunit\u00e0 che possano soddisfare pienamente le loro esigenze. Sar\u00e0 anche per questo che l&#8217;azienda vanta migliaia di clienti soddisfatti. Inoltre, il rapporto diretto che\u00a0Monfey.com ha con i suoi partners gli permette di offrire i suoi prodotti a prezzi estremamente competitivi. <\/p>\n\n\n\n<p>Monfey.com vanta di un&#8217;esperienza trentennale nell&#8217;ambito del commercio, sia tradizionale che online, e di una continua innovazione tecnologica.<\/p>\n","protected":false},"excerpt":{"rendered":"<p>Monfey.com&nbsp;\u00e8&nbsp;un&#8217;azienda nata nel 2012&nbsp;con l&#8217;idea di dare al cliente il prezzo pi\u00f9 basso possibile su ogni nostro prodotto,&nbsp;da allora, grazie al nostro impegno, abbiamo conquistato la fiducia dei Clienti, diventando di fatto protagonisti in un mercato in continua crescita. La nostra missione \u00e8 di proporre innovativi prodotti di qualit\u00e0, con particolare attenzione alle esigenze del [&hellip;]<\/p>\n","protected":false},"author":1,"featured_media":0,"parent":0,"menu_order":0,"comment_status":"closed","ping_status":"closed","template":"","meta":{"footnotes":""},"_links":{"self":[{"href":"https:\/\/monfey.com\/index.php?rest_route=\/wp\/v2\/pages\/2"}],"collection":[{"href":"https:\/\/monfey.com\/index.php?rest_route=\/wp\/v2\/pages"}],"about":[{"href":"https:\/\/monfey.com\/index.php?rest_route=\/wp\/v2\/types\/page"}],"author":[{"embeddable":true,"href":"https:\/\/monfey.com\/index.php?rest_route=\/wp\/v2\/users\/1"}],"replies":[{"embeddable":true,"href":"https:\/\/monfey.com\/index.php?rest_route=%2Fwp%2Fv2%2Fcomments&post=2"}],"version-history":[{"count":12,"href":"https:\/\/monfey.com\/index.php?rest_route=\/wp\/v2\/pages\/2\/revisions"}],"predecessor-version":[{"id":626,"href":"https:\/\/monfey.com\/index.php?rest_route=\/wp\/v2\/pages\/2\/revisions\/626"}],"wp:attachment":[{"href":"https:\/\/monfey.com\/index.php?rest_route=%2Fwp%2Fv2%2Fmedia&parent=2"}],"curies":[{"name":"wp","href":"https:\/\/api.w.org\/{rel}","templated":true}]}}