{"id":32,"date":"2023-02-06T20:33:03","date_gmt":"2023-02-06T20:33:03","guid":{"rendered":"https:\/\/monfey.com\/?page_id=32"},"modified":"2023-03-22T20:13:02","modified_gmt":"2023-03-22T20:13:02","slug":"rimborso_reso","status":"publish","type":"page","link":"https:\/\/monfey.com\/?page_id=32","title":{"rendered":"Reso e Recesso"},"content":{"rendered":"\n<p>Le vendite tramite internet dei nostri prodotti vengono identificate come contratti a distanza, pertanto disciplinati secondo\u00a0il D.lgs n. 206\/05 (artt. da 50 a 68) che regola la materia dei contratti a distanza, cio\u00e8 effettuate al di fuori dei locali commerciali. Se il Cliente \u00e8 un consumatore (ossia una persona fisica che acquista la merce per scopi non riferibili alla propria attivit\u00e0 professionale, ovvero non effettua l&#8217;acquisto indicando nel modulo d&#8217;ordine a\u00a0Monfey.com\u00a0\u00a0un riferimento di Partita IVA), ha diritto a recedere dal contratto di acquisto per qualsiasi motivo, senza necessit\u00e0 di fornire spiegazioni e senza alcuna penalit\u00e0. Per esercitare tale diritto, il Cliente dovr\u00e0 inviare a\u00a0reso@monfey.com\u00a0una comunicazione scritta in tal senso, ed entro 14 giorni lavorativi dalla data di ricevimento della merce provvedere anche alla spedizione di predetta merce acquistata presso la sede nostra sede legale in\u00a0Via Bertone,5 80058 Torre Annunziata (Na). Le spese di restituzione sono a carico dell&#8217; acquirente.<br>La comunicazione del recesso dovr\u00e0 essere inviata a mezzo lettera raccomandata con avviso di ricevimento, indirizzata a\u00a0Bonaire srls Via Bertone,5 80058 Torre Annunziata (Na)\u00a0o mediante telegramma o fax o\u00a0 mail\u00a0. Una volta inviata la suddetta comunicazione di recesso, il cliente \u00e8 tenuto a restituire la merce entro e non oltre 14 giorni a partire dalla data del timbri postale sulla raccomandata. il cliente deve aver cura di far rientrare la merce indicando sul pacco i propri dati quali nome cognome, indirizzo e numero telefonico e il numero ordine di riferimento. Il diritto di recesso \u00e8 comunque sottoposto alle seguenti condizioni: il diritto si applica al prodotto acquistato nella sua interezza; non \u00e8 possibile esercitare recesso solamente su parte del prodotto acquistato (es.: accessori, software allegati, ecc&#8230;); il diritto non si applica ai prodotti audiovisivi o a software informatici sigillati (compresi quelli allegati a materiale hardware), una volta aperti; il bene acquistato dovr\u00e0 essere integro e restituito nell&#8217;imballo originale, completo in tutte le sue parti (compresa eventuale documentazione e dotazione accessoria: manuali, cavi, ecc&#8230;);a norma di legge, le spese di spedizione sono a carico del Cliente; la spedizione, fino all&#8217;attestato di avvenuto ricevimento nel nostro magazzino sono sotto la completa responsabilit\u00e0 del Cliente; in caso di danneggiamento del bene durante il trasporto,\u00a0Monfey.com\u00a0dar\u00e0 comunicazione al Cliente dell&#8217;accaduto (entro il giorno lavorativo successivo al ricevimento del bene nei propri magazzini), per consentirgli di sporgere tempestivamente denuncia nei confronti del corriere e ottenere il rimborso del valore del bene (se assicurato); in questa eventualit\u00e0, il prodotto sar\u00e0 restituito, con spese di spedizione a carico del Cliente, contemporaneamente annullando la richiesta di recesso; Monfey.com\u00a0non risponde in nessun modo per danneggiamenti o furto\/smarrimento di beni restituiti con spedizioni non assicurate ;al suo arrivo in magazzino, il prodotto sar\u00e0 esaminato per valutare eventuali danni o manomissioni non derivanti dal trasporto. Il diritto di recesso decade totalmente, per mancanza della condizione essenziale di integrit\u00e0 del bene (imballo e\/o suo contenuto), nei casi in cui\u00a0Monfey.com\u00a0accerti: La mancanza dell&#8217;imballo esterno\/interno originale; l&#8217;assenza di elementi integranti del prodotto (accessori, cavi, manuali, parti, &#8230;); il danneggiamento del prodotto per cause diverse dal suo trasporto o per il superamento dei limiti temporali previsti dalla legge per cause non derivanti\u00a0da\u00a0Monfey.com\u00a0Nel caso di decadenza del diritto di recesso,\u00a0Monfey.com\u00a0provveder\u00e0 a restituire al mittente il bene acquistato, addebitando allo stesso le spese di spedizione. LEGGE APPLICABILE E FORO COMPETENTE: Le presenti Condizioni Generali e i rapporti tra\u00a0DITTA e il consumatore sono regolati dalle legge della Repubblica Italiana. Qualsiasi controversia inerente, derivante o comunque connessa alle presenti Condizioni Generali di Contratto sar\u00e0 rimessa alla competenza del Foro della sede legale di\u00a0Ditta, che viene eletto a tutti gli effetti il Tribunale Civile di Torre Annunziata (Na), in deroga alla legge.<\/p>\n","protected":false},"excerpt":{"rendered":"<p>Le vendite tramite internet dei nostri prodotti vengono identificate come contratti a distanza, pertanto disciplinati secondo\u00a0il D.lgs n. 206\/05 (artt. da 50 a 68) che regola la materia dei contratti a distanza, cio\u00e8 effettuate al di fuori dei locali commerciali. Se il Cliente \u00e8 un consumatore (ossia una persona fisica che acquista la merce per [&hellip;]<\/p>\n","protected":false},"author":1,"featured_media":0,"parent":0,"menu_order":0,"comment_status":"closed","ping_status":"closed","template":"","meta":{"footnotes":""},"_links":{"self":[{"href":"https:\/\/monfey.com\/index.php?rest_route=\/wp\/v2\/pages\/32"}],"collection":[{"href":"https:\/\/monfey.com\/index.php?rest_route=\/wp\/v2\/pages"}],"about":[{"href":"https:\/\/monfey.com\/index.php?rest_route=\/wp\/v2\/types\/page"}],"author":[{"embeddable":true,"href":"https:\/\/monfey.com\/index.php?rest_route=\/wp\/v2\/users\/1"}],"replies":[{"embeddable":true,"href":"https:\/\/monfey.com\/index.php?rest_route=%2Fwp%2Fv2%2Fcomments&post=32"}],"version-history":[{"count":10,"href":"https:\/\/monfey.com\/index.php?rest_route=\/wp\/v2\/pages\/32\/revisions"}],"predecessor-version":[{"id":639,"href":"https:\/\/monfey.com\/index.php?rest_route=\/wp\/v2\/pages\/32\/revisions\/639"}],"wp:attachment":[{"href":"https:\/\/monfey.com\/index.php?rest_route=%2Fwp%2Fv2%2Fmedia&parent=32"}],"curies":[{"name":"wp","href":"https:\/\/api.w.org\/{rel}","templated":true}]}}