{"id":82,"date":"2023-02-03T20:15:56","date_gmt":"2023-02-03T20:15:56","guid":{"rendered":"https:\/\/monfey.com\/?page_id=82"},"modified":"2023-02-10T08:55:01","modified_gmt":"2023-02-10T08:55:01","slug":"prova-2","status":"publish","type":"page","link":"https:\/\/monfey.com\/?page_id=82","title":{"rendered":"Spedizioni"},"content":{"rendered":"\n<h5 class=\"wp-block-heading\">Ricevimento merce<\/h5>\n\n\n\n<p>Al momento della consegna della merce il Cliente \u00e8 tenuto a controllare: Che il numero dei colli consegnati corrispondano a quanto indicato nel documento di trasporto ,che l&#8217;imballo risulti integro e non alterato anche nei nastri di chiusura; Attenzione in caso di manomissioni e\/o rotture il Cliente dovr\u00e0 immediatamente contestare la spedizione e\/o la consegna apponendo la scritta &#8220;RISERVA DI CONTROLLO MERCE PER (indicare la motivazione)&#8221;sul documento di consegna ricevuto dal corriere.<\/p>\n\n\n\n<p>Il Cliente successivamente dovr\u00e0 segnalare eventuali danni entro 2 (due) giorni dal ricevimento della merce.<\/p>\n\n\n\n<h5 class=\"wp-block-heading\">Tariffe<\/h5>\n\n\n\n<p>La tariffa\u00a0della spedizione\u00a0base\u00a0\u00e8 calcolata in base alla destinazione ed al peso\u00a0per tutti gli articoli in catalogo<\/p>\n\n\n\n<p>LE SPEDIZIONI VENGONO EFFETTUATE DAL LUNEDI AL VENERDI CON POSTE ITALIANE (Posta4 , Posta1, Raccomandata)\u00a0o CORRIERE ESPRESSO (SDA , GLS , NEXIVE)\u00a024\/48 ore .La tipologia del corriere sar\u00e0 scelta in base alle zone di spedizione e non potr\u00e0 essere scelta dal cliente.<\/p>\n\n\n\n<p>Tariffe di spedizione speciali<\/p>\n\n\n\n<p>Alcuni prodotti hanno un costo di spedizione extra. I prodotti che hanno una tariffazione extra sono quelli con peso volumetrico grande o prodotti che in fase d\u2019imballaggio sono difficili d\u2019accoppiare ad altre spedizioni, sia per la delicatezza degli stessi che per il tipo d\u2019imballo utilizzato.<br><br>Assicurazione: Puoi assicurare le tue spedizioni. L\u2019assicurazione \u00e8 un servizio aggiuntivo. Il costo del servizio \u00e8 calcolato sul valore della merce scelta e dovr\u00e0 essere richiesto via mail dopo aver effettuato l&#8217;ordine.\u00a0Monfey non \u00e8 responsabile di danneggiamenti e smarrimenti dei pacchi non assicurati.<br><br>Pagamento in contrassegno: Il contrassegno ha un supplemento di\u00a04 euro\u00a0da aggiungere al totale . Il pagamento \u00e8 in contanti al corriere nel momento della consegna.<\/p>\n\n\n\n<p>Nota: in caso di contrassegno rifiutato ,\u00a0Monfey richieder\u00e0 al cliente il risarcimento dei costi sostenuti per l\u2019invio per il contrassegno\u00a0per\u00a0il ritorno del prodotto e per i costi di gestione. In caso di mancato pagamento da parte del cliente si proceder\u00e0 legalmente per il recupero dei costi sostenuti (inclusi quelli legali)\u00a0per inadempienza del contratto.<\/p>\n\n\n\n<p>Prima dell&#8217;invio di un prodotto in contrassegno il cliente sar\u00e0 contattato tramite e-mail per confermare la volont\u00e0 di pagare alla consegna. Senza ulteriore conferma da parte del cliente gli ordini in contrassegno non verranno spediti.<\/p>\n\n\n\n<h5 class=\"wp-block-heading\">Tempi di consegna<\/h5>\n\n\n\n<p>Le spedizioni vengono effettuate con corriere espresso o poste italiane (Posta4 2-6 giorni, Posta1 1-2 giorni). I corrieri NON consegnano il sabato, la domenica e durante le festivit\u00e0 nazionali. Normalmente la spedizione parte il giorno dopo il pagamento.<br>Per le spedizioni con\u00a0posta4 non ci assumiamo alcuna responsabil\u00e0 in caso di mancato recapito da parte di Poste Italiane. E&#8217; sempre preferibile scegliere una spedizione tracciabile ( Posta1 o Corriere ).<\/p>\n","protected":false},"excerpt":{"rendered":"<p>Ricevimento merce Al momento della consegna della merce il Cliente \u00e8 tenuto a controllare: Che il numero dei colli consegnati corrispondano a quanto indicato nel documento di trasporto ,che l&#8217;imballo risulti integro e non alterato anche nei nastri di chiusura; Attenzione in caso di manomissioni e\/o rotture il Cliente dovr\u00e0 immediatamente contestare la spedizione e\/o [&hellip;]<\/p>\n","protected":false},"author":1,"featured_media":0,"parent":0,"menu_order":0,"comment_status":"closed","ping_status":"closed","template":"","meta":{"footnotes":""},"_links":{"self":[{"href":"https:\/\/monfey.com\/index.php?rest_route=\/wp\/v2\/pages\/82"}],"collection":[{"href":"https:\/\/monfey.com\/index.php?rest_route=\/wp\/v2\/pages"}],"about":[{"href":"https:\/\/monfey.com\/index.php?rest_route=\/wp\/v2\/types\/page"}],"author":[{"embeddable":true,"href":"https:\/\/monfey.com\/index.php?rest_route=\/wp\/v2\/users\/1"}],"replies":[{"embeddable":true,"href":"https:\/\/monfey.com\/index.php?rest_route=%2Fwp%2Fv2%2Fcomments&post=82"}],"version-history":[{"count":5,"href":"https:\/\/monfey.com\/index.php?rest_route=\/wp\/v2\/pages\/82\/revisions"}],"predecessor-version":[{"id":338,"href":"https:\/\/monfey.com\/index.php?rest_route=\/wp\/v2\/pages\/82\/revisions\/338"}],"wp:attachment":[{"href":"https:\/\/monfey.com\/index.php?rest_route=%2Fwp%2Fv2%2Fmedia&parent=82"}],"curies":[{"name":"wp","href":"https:\/\/api.w.org\/{rel}","templated":true}]}}