{"id":171,"date":"2023-02-07T18:19:33","date_gmt":"2023-02-07T18:19:33","guid":{"rendered":"https:\/\/monfey.com\/?post_type=product&#038;p=171"},"modified":"2023-02-27T12:46:28","modified_gmt":"2023-02-27T12:46:28","slug":"racchetta-stermina-insetti-elettrica","status":"publish","type":"product","link":"https:\/\/monfey.com\/?product=racchetta-stermina-insetti-elettrica","title":{"rendered":"Racchetta stermina insetti elettrica"},"content":{"rendered":"<p>La racchetta elettrica \u00e8 considerata come lo strumento, tra quelli dello stesso genere, pi\u00fa rapido, pulito ed efficace sul mercato. Si pu\u00f2 usare per eliminare gli insetti, le vespe, le mosche, api, tafani, ragni e qualsiasi insetto volatile.<\/p>\n<p>Il suo funzionamento \u00e8 molto semplice ed offre un&#8217;alternativa molto pi\u00f9 sana rispetto agli spray nocivi: basta solo premere il pulsante, avvicinare la racchetta all&#8217;insetto per farlo entrare in contatto con la rete della racchetta e verr\u00e0 ucciso rapidamente e senza sofferenza.<\/p>\n<p>La racchetta elettrica \u00e8 completamente sicura, senza alcun rischio. La scarica elettrica \u00e8 cos\u00ec bassa che non \u00e8 un rischio per gli esseri umani n\u00e9 per gli animali domestici. Ideale sia per uso in spazi interni sia esterni. Si ricarica alla presa di corrente.<\/p>\n<p>Stermina tutti gli insetti in modo rapido e pulito.<br \/>\nNon \u00e8 tossica n\u00e9 pericolosa per essere umani e animali domestici<br \/>\nCompletamente sicura<\/p>\n","protected":false},"excerpt":{"rendered":"<p>La racchetta elettrica \u00e8 considerata come lo strumento, tra quelli dello stesso genere, pi\u00f9 rapido, pulito ed efficace sul mercato. Si pu\u00f2 usare per eliminare gli insetti, le vespe, le mosche, api, tafani, ragni e qualsiasi insetto volatile.<\/p>\n<p>Spedizione 4,90 euro<\/p>\n","protected":false},"featured_media":172,"comment_status":"closed","ping_status":"closed","template":"","meta":[],"product_cat":[16,22,23],"product_tag":[],"_links":{"self":[{"href":"https:\/\/monfey.com\/index.php?rest_route=\/wp\/v2\/product\/171"}],"collection":[{"href":"https:\/\/monfey.com\/index.php?rest_route=\/wp\/v2\/product"}],"about":[{"href":"https:\/\/monfey.com\/index.php?rest_route=\/wp\/v2\/types\/product"}],"replies":[{"embeddable":true,"href":"https:\/\/monfey.com\/index.php?rest_route=%2Fwp%2Fv2%2Fcomments&post=171"}],"wp:featuredmedia":[{"embeddable":true,"href":"https:\/\/monfey.com\/index.php?rest_route=\/wp\/v2\/media\/172"}],"wp:attachment":[{"href":"https:\/\/monfey.com\/index.php?rest_route=%2Fwp%2Fv2%2Fmedia&parent=171"}],"wp:term":[{"taxonomy":"product_cat","embeddable":true,"href":"https:\/\/monfey.com\/index.php?rest_route=%2Fwp%2Fv2%2Fproduct_cat&post=171"},{"taxonomy":"product_tag","embeddable":true,"href":"https:\/\/monfey.com\/index.php?rest_route=%2Fwp%2Fv2%2Fproduct_tag&post=171"}],"curies":[{"name":"wp","href":"https:\/\/api.w.org\/{rel}","templated":true}]}}