{"id":194,"date":"2023-02-08T10:46:59","date_gmt":"2023-02-08T10:46:59","guid":{"rendered":"https:\/\/monfey.com\/?post_type=product&#038;p=194"},"modified":"2023-04-03T15:52:36","modified_gmt":"2023-04-03T15:52:36","slug":"macchina-da-cucire-portatile","status":"publish","type":"product","link":"https:\/\/monfey.com\/?product=macchina-da-cucire-portatile","title":{"rendered":"Macchina da cucire portatile"},"content":{"rendered":"<ul>\n<li>\u3010Design portatile perfetto\u3011: mini macchina da cucire portatile, leggera e compatta, facile da trasportare, design ergonomico. Puoi facilmente risolvere il problema del cucito quando incontri il problema di emergenza della separazione improvvisa. che \u00e8 molto conveniente. La macchina da cucire portatile \u00e8 un valido aiuto per la vita, adatta a casa, in viaggio, ecc.<\/li>\n<li>\u3010Due modalit\u00e0 di alimentazione\u3011: puoi utilizzare direttamente 4 batterie AA per alimentare oppure puoi utilizzare l&#8217;alimentazione CC ( batterie e cavo di ricarica non inclusi). Puoi scegliere in base alle tue esigenze. Facile da usare, dopo aver installato le batterie o collegato alla fonte di alimentazione, basta premere il pulsante di accensione per utilizzare<\/li>\n<li>\u3010Ampiamente usato e facile da usare\u3011: la piccola macchina da cucire domestica \u00e8 adatta per tessuti, vestiti, pantaloni, jeans, t-shirt, tende e arazzi. Anche i principianti possono usarlo, i bambini possono realizzare oggetti fai-da-te, cucire piccoli vestiti, fazzoletti, ecc. Non \u00e8 solo un giocattolo, pu\u00f2 anche coltivare la buona abitudine dei bambini e aggiungere pi\u00f9 divertimento<\/li>\n<li>\u3010Strumento completo\u3011: La confezione contiene: 1 * mini macchina da cucire portatile, 8 * bobine, 10 * spille da balia, 1 * metro a nastro, 1 * forbici, 1 * aghi da cucito, 1 * aste lunghe, 1 * infila ago, 1 * ago da cucito, 1 * lavoro di moda. Gli strumenti sono completi, puoi usarlo direttamente senza acquistare altre cose<\/li>\n<li>\u3010Regalo pratico\u3011: la macchina da cucire portatile pu\u00f2 risolvere perfettamente piccoli problemi di cucito e puoi regalarla ai tuoi amici e alla tua famiglia . In caso di problemi con la mini macchina da cucire portatile, ti preghiamo di contattarci in tempo. Ti assicuriamo di acquistare.<\/li>\n<\/ul>\n<p><b>Accessori completi, buon assistente di cucito!<\/b><\/p>\n<p><b>Semplifica il cucito!<\/b><\/p>\n<p>Rispetto alla tradizionale cucitura a mano, la macchina da cucire portatile pu\u00f2 risolvere i tuoi problemi in modo pi\u00f9 semplice e veloce. Non solo fa risparmiare tempo, ma rende anche il cucito ancora pi\u00f9 perfetto!<\/p>\n<p><b>Ampiamente usato e facile da usare<\/b><\/p>\n<p>Macchina da cucire portatile, un buon aiuto nella vita. Puoi usarlo per l&#8217;artigianato, cucire il tuo zaino, vestiti per animali domestici, tende, ecc. Rendi la vita pi\u00f9 comoda.<\/p>\n<p><b>Regalo pratico<\/b><\/p>\n<p>La macchina da cucire a mano \u00e8 un regalo molto pratico. Puoi regalarlo alla tua famiglia e ai tuoi amici, oppure puoi usarlo tu stesso. \u00c8 una scelta ideale!<\/p>\n","protected":false},"excerpt":{"rendered":"<p class=\"HcIFde lVwenJ zqibib Y0OWRD QImhnA\">Macchina da cucire portatile, mini macchina da cucire elettrica portatile per adulti, punto rapido adatto per tessuti, viaggi a casa fai-da-te, vestiti<\/p>\n","protected":false},"featured_media":244,"comment_status":"open","ping_status":"closed","template":"","meta":[],"product_cat":[16,24,22],"product_tag":[],"_links":{"self":[{"href":"https:\/\/monfey.com\/index.php?rest_route=\/wp\/v2\/product\/194"}],"collection":[{"href":"https:\/\/monfey.com\/index.php?rest_route=\/wp\/v2\/product"}],"about":[{"href":"https:\/\/monfey.com\/index.php?rest_route=\/wp\/v2\/types\/product"}],"replies":[{"embeddable":true,"href":"https:\/\/monfey.com\/index.php?rest_route=%2Fwp%2Fv2%2Fcomments&post=194"}],"wp:featuredmedia":[{"embeddable":true,"href":"https:\/\/monfey.com\/index.php?rest_route=\/wp\/v2\/media\/244"}],"wp:attachment":[{"href":"https:\/\/monfey.com\/index.php?rest_route=%2Fwp%2Fv2%2Fmedia&parent=194"}],"wp:term":[{"taxonomy":"product_cat","embeddable":true,"href":"https:\/\/monfey.com\/index.php?rest_route=%2Fwp%2Fv2%2Fproduct_cat&post=194"},{"taxonomy":"product_tag","embeddable":true,"href":"https:\/\/monfey.com\/index.php?rest_route=%2Fwp%2Fv2%2Fproduct_tag&post=194"}],"curies":[{"name":"wp","href":"https:\/\/api.w.org\/{rel}","templated":true}]}}