{"id":530,"date":"2023-02-17T16:26:21","date_gmt":"2023-02-17T16:26:21","guid":{"rendered":"https:\/\/monfey.com\/?post_type=product&#038;p=530"},"modified":"2023-04-03T22:35:55","modified_gmt":"2023-04-03T22:35:55","slug":"dispenser-automatico-sapone-dettol","status":"publish","type":"product","link":"https:\/\/monfey.com\/?product=dispenser-automatico-sapone-dettol","title":{"rendered":"Dispenser automatico + sapone Dettol"},"content":{"rendered":"<p>Insegna ai tuoi bambini l\u2019igiene corretta delle mani. Il dosatore di sapone contactless Dettol Kids No-Touch pulisce in modo delicato ma efficace la pelle delle mani assicurando loro il nutrimento e la cura necessari. In pi\u00f9 il funzionamento contactless e le decorazioni con adesivi attireranno l\u2019attenzione dei bambini abituandoli all\u2019igiene regolare.<\/p>\n<p><strong>Caratteristiche:<\/strong><\/p>\n<ul>\n<li>dosa con precisione il sapone tramite il sensore<\/li>\n<li>lascia le mani igienicamente pulite, sane e morbide<\/li>\n<li>favorisce le corrette abitudini igieniche di lavaggio delle mani<\/li>\n<li>uso semplice e pratico<\/li>\n<li>non lascia disordine in giro<\/li>\n<li>adatto all\u2019uso quotidiano<\/li>\n<li>profumo fresco e piacevole<\/li>\n<\/ul>\n<p><strong>Composizione:<\/strong><\/p>\n<ul>\n<li>acido salicilico\u00a0\u2013 fornisce protezione<\/li>\n<li>aloe vera<\/li>\n<li>profumazione<\/li>\n<li>dermatologicamente testata<\/li>\n<\/ul>\n<p><strong>La confezione contiene:\u00a0<\/strong><\/p>\n<ul>\n<li>dosatore di sapone contactless<\/li>\n<li>ricarica per dosatore contactless<\/li>\n<li>2 batterie AA<\/li>\n<li>2 pagine di adesivi per bambini<\/li>\n<\/ul>\n<p><strong>Istruzioni per l\u2019uso:<\/strong><br \/>\nAprire il coperchio ed estrarre la linguetta di sicurezza, quindi richiudere. Accendere il dosatore e inserire la ricarica. Posizionare le mani sotto l\u2019ugello della parte superiore del sensore. Lavarsi le mani.<\/p>\n<p><strong>Avvertenze:<\/strong><br \/>\nSeguire le istruzioni riportate sulla confezione. Conservare a temperatura ambiente lontano dalla portata dei bambini piccoli se non sono controllati da un adulto. Evitare il contatto con gli occhi. Per bambini dai 3 anni in su.<\/p>\n","protected":false},"excerpt":{"rendered":"<p>DETTOL il dispenser di sapone senza contatto Kids Avventuriero aiuta a proteggerti dai batteri. Rileva automaticamente le tue mani e rilascia la dose di sapone necessaria. Saponi Dettol &#8211; delicati sulla pelle, spietati sui microbi. Dermatologicamente testata.<\/p>\n<div class=\"bg-white pt-4 px-4 pb-1 rounded-global\">\n<p class=\"paragraph mb-4\" data-v-e9c889a4=\"\">Prima dell&#8217;uso, leggere attentamente le istruzioni accluse.<\/p>\n<\/div>\n<div class=\"bg-white pt-4 px-4 pb-1 rounded-global\">\n<ul>\n<li>Dispenser automatico senza contatto per sapone.<\/li>\n<li>Sapone liquido per le mani Kids 250 ml.<\/li>\n<\/ul>\n<p class=\"paragraph mb-4\" data-v-e9c889a4=\"\">Non tenere il distributore al centro quando \u00e8 acceso, poich\u00e9 questo attiver\u00e0 il sensore e dispenser\u00e0 il sapone. Prima di pulire l&#8217;area in cui si trova il dispenser, spegnere l&#8217;erogatore per evitare il rilascio accidentale della dose di sapone.<\/p>\n<\/div>\n","protected":false},"featured_media":531,"comment_status":"open","ping_status":"closed","template":"","meta":[],"product_cat":[16,24,22],"product_tag":[32],"_links":{"self":[{"href":"https:\/\/monfey.com\/index.php?rest_route=\/wp\/v2\/product\/530"}],"collection":[{"href":"https:\/\/monfey.com\/index.php?rest_route=\/wp\/v2\/product"}],"about":[{"href":"https:\/\/monfey.com\/index.php?rest_route=\/wp\/v2\/types\/product"}],"replies":[{"embeddable":true,"href":"https:\/\/monfey.com\/index.php?rest_route=%2Fwp%2Fv2%2Fcomments&post=530"}],"wp:featuredmedia":[{"embeddable":true,"href":"https:\/\/monfey.com\/index.php?rest_route=\/wp\/v2\/media\/531"}],"wp:attachment":[{"href":"https:\/\/monfey.com\/index.php?rest_route=%2Fwp%2Fv2%2Fmedia&parent=530"}],"wp:term":[{"taxonomy":"product_cat","embeddable":true,"href":"https:\/\/monfey.com\/index.php?rest_route=%2Fwp%2Fv2%2Fproduct_cat&post=530"},{"taxonomy":"product_tag","embeddable":true,"href":"https:\/\/monfey.com\/index.php?rest_route=%2Fwp%2Fv2%2Fproduct_tag&post=530"}],"curies":[{"name":"wp","href":"https:\/\/api.w.org\/{rel}","templated":true}]}}