{"id":643,"date":"2023-04-03T15:50:58","date_gmt":"2023-04-03T15:50:58","guid":{"rendered":"https:\/\/monfey.com\/?post_type=product&#038;p=643"},"modified":"2023-04-03T16:26:53","modified_gmt":"2023-04-03T16:26:53","slug":"supporto-staffa-per-specchietto-retrovisore-auto-per-smartphone-linq-hd3575","status":"publish","type":"product","link":"https:\/\/monfey.com\/?product=supporto-staffa-per-specchietto-retrovisore-auto-per-smartphone-linq-hd3575","title":{"rendered":"Supporto Staffa Per Specchietto Retrovisore Auto Per Smartphone Linq Hd3575"},"content":{"rendered":"<p>Non ostacola la Vista.<br \/>\nSupporto Telefono Specchietto Retrovisore liberamente regolabile\uff0cmantiene il telefono in linea con la visuale, per tenere gli occhi sulla strada, senza dover abbassare lo sguardo verso il navigatore, quindi con un&#8217;esperienza di guida pi\u00f9 confortevole e sicura.<br \/>\nIl Supporto Telefono Specchietto Retrovisore presenta un design telescopico a quattro punte con una solida e stabile struttura rettangolare.<br \/>\nIl supporto per cellulare ha un design telescopico a 2 punte sui lati destro e sinistro ed \u00e8 dotato di due robuste chiusure a molla.<\/p>\n<p>Forte Stabilit\u00e0.<br \/>\nMantiene il telefono e lo specchietto dell&#8217;auto saldamente per evitare cadute. Ben bilanciata, rimane stabile in autostrada o sulle strade di montagna.<\/p>\n<p>Facile da installare e rimuovere.<br \/>\nIl supporto telefono per specchietto retrovisore pu\u00f2 essere installato senza attrezzi. Grazie al robusto sistema di bloccaggio a molla, non rimangono tracce dopo lo smontaggio. A differenza di altri supporti adesivi per telefoni.<\/p>\n<p>Caratteristiche.<br \/>\nIl portacellulare auto per specchietto \u00e8 compatibile con gli smartphone da 3 a 7 pollici (larghezza \u00e8 6,5-10 cm\/2,6-3,9 pollici\uff09<br \/>\nAdatto alla maggior parte degli specchietti retrovisori rettangolari (larghezza 6,2-8,5 cm\/2,44-3,3 pollici, altezza 3-6,5 cm\/1,18-2,55 pollici).<\/p>\n<p>Raccomandazioni.<br \/>\nA causa delle elevate temperature estive, l&#8217;auto \u00e8 esposta al sole e le conseguenti alte temperature all&#8217;interno dell&#8217;auto, e la possibilit\u00e0 che la luce rifratta raccolga energia sotto il parabrezza, che pu\u00f2 anche portare a temperature elevate, si prega di non lasciare la staffa in auto al sole, si consiglia di tenerla all&#8217;ombra dopo l&#8217;uso. Le alte temperature e l&#8217;eccessiva esposizione al sole possono provocare deformazioni.<\/p>\n","protected":false},"excerpt":{"rendered":"<p>Supporto telescopico per telefono da auto multifunzione.<br \/>\nSupporto telefono specchietto retrovisore, con funzione girevole a 360\u00b0,rotazione verticale e orizzontale di 90 gradi e inclinazione di 180 gradi.<br \/>\n\u00c8 possibile utilizzare il telefono in tutte le direzioni con un semplice movimento. Godetevi la migliore esperienza di guida.<\/p>\n","protected":false},"featured_media":645,"comment_status":"open","ping_status":"closed","template":"","meta":[],"product_cat":[16,36],"product_tag":[],"_links":{"self":[{"href":"https:\/\/monfey.com\/index.php?rest_route=\/wp\/v2\/product\/643"}],"collection":[{"href":"https:\/\/monfey.com\/index.php?rest_route=\/wp\/v2\/product"}],"about":[{"href":"https:\/\/monfey.com\/index.php?rest_route=\/wp\/v2\/types\/product"}],"replies":[{"embeddable":true,"href":"https:\/\/monfey.com\/index.php?rest_route=%2Fwp%2Fv2%2Fcomments&post=643"}],"wp:featuredmedia":[{"embeddable":true,"href":"https:\/\/monfey.com\/index.php?rest_route=\/wp\/v2\/media\/645"}],"wp:attachment":[{"href":"https:\/\/monfey.com\/index.php?rest_route=%2Fwp%2Fv2%2Fmedia&parent=643"}],"wp:term":[{"taxonomy":"product_cat","embeddable":true,"href":"https:\/\/monfey.com\/index.php?rest_route=%2Fwp%2Fv2%2Fproduct_cat&post=643"},{"taxonomy":"product_tag","embeddable":true,"href":"https:\/\/monfey.com\/index.php?rest_route=%2Fwp%2Fv2%2Fproduct_tag&post=643"}],"curies":[{"name":"wp","href":"https:\/\/api.w.org\/{rel}","templated":true}]}}